{"id":7,"date":"2020-06-24T14:30:20","date_gmt":"2020-06-24T14:30:20","guid":{"rendered":"https:\/\/www.crambo.eu\/landings\/?page_id=7"},"modified":"2020-06-25T10:03:24","modified_gmt":"2020-06-25T10:03:24","slug":"control-de-aforos","status":"publish","type":"page","link":"https:\/\/www.crambo.eu\/landings\/control-de-aforos\/","title":{"rendered":"Control de aforos"},"content":{"rendered":"<div class=\"wpb-content-wrapper\"><p>[vc_row css_animation=\u00bb\u00bb row_type=\u00bbrow\u00bb use_row_as_full_screen_section=\u00bbno\u00bb type=\u00bbfull_width\u00bb angled_section=\u00bbno\u00bb text_align=\u00bbleft\u00bb background_image_as_pattern=\u00bbwithout_pattern\u00bb z_index=\u00bb\u00bb][vc_column][vc_row_inner row_type=\u00bbrow\u00bb type=\u00bbfull_width\u00bb text_align=\u00bbcenter\u00bb css_animation=\u00bb\u00bb][vc_column_inner width=\u00bb1\/6&#8243;][vc_empty_space height=\u00bb15px\u00bb][vc_single_image image=\u00bb32&#8243; img_size=\u00bbfull\u00bb alignment=\u00bbcenter\u00bb qode_css_animation=\u00bb\u00bb][vc_empty_space height=\u00bb15px\u00bb][\/vc_column_inner][vc_column_inner width=\u00bb1\/6&#8243;][\/vc_column_inner][vc_column_inner width=\u00bb1\/6&#8243;][\/vc_column_inner][vc_column_inner width=\u00bb1\/6&#8243;][\/vc_column_inner][vc_column_inner width=\u00bb1\/6&#8243;][\/vc_column_inner][vc_column_inner width=\u00bb1\/6&#8243; offset=\u00bbvc_hidden-xs\u00bb][vc_empty_space height=\u00bb15px\u00bb][vc_single_image image=\u00bb31&#8243; img_size=\u00bbfull\u00bb alignment=\u00bbcenter\u00bb qode_css_animation=\u00bb\u00bb][vc_empty_space height=\u00bb15px\u00bb][\/vc_column_inner][\/vc_row_inner][\/vc_column][\/vc_row][vc_row css_animation=\u00bb\u00bb row_type=\u00bbrow\u00bb use_row_as_full_screen_section=\u00bbno\u00bb type=\u00bbgrid\u00bb angled_section=\u00bbno\u00bb text_align=\u00bbleft\u00bb background_image_as_pattern=\u00bbwithout_pattern\u00bb z_index=\u00bb\u00bb][vc_column width=\u00bb1\/2&#8243;][vc_empty_space height=\u00bb90px\u00bb][vc_column_text]<\/p>\n<h2>Evita sanciones y contagios por exceso de aforo<\/h2>\n<p>[\/vc_column_text][vc_empty_space height=\u00bb30px\u00bb][vc_column_text]<\/p>\n<h4>Crambo Control de Aforos te ayuda a gestionar el flujo de personas que accede a tu establecimiento<\/h4>\n<p>[\/vc_column_text][vc_empty_space height=\u00bb30px\u00bb][\/vc_column][vc_column width=\u00bb1\/2&#8243;][vc_single_image image=\u00bb30&#8243; img_size=\u00bblarge\u00bb alignment=\u00bbcenter\u00bb qode_css_animation=\u00bb\u00bb][vc_empty_space height=\u00bb30px\u00bb][\/vc_column][\/vc_row][vc_row css_animation=\u00bb\u00bb row_type=\u00bbrow\u00bb use_row_as_full_screen_section=\u00bbno\u00bb type=\u00bbgrid\u00bb angled_section=\u00bbno\u00bb text_align=\u00bbleft\u00bb background_image_as_pattern=\u00bbwithout_pattern\u00bb z_index=\u00bb\u00bb][vc_column width=\u00bb1\/2&#8243; offset=\u00bbvc_hidden-xs\u00bb][vc_column_text]<\/p>\n<h2 style=\"color: #333;\">Crambo Control de Aforos<\/h2>\n<p>Volver a la normalidad de tu negocio con un contagio o una sanci\u00f3n por exceso de aforo no es una opci\u00f3n.<\/p>\n<p>&nbsp;<\/p>\n<p>Crambo, empresa tecnol\u00f3gica espa\u00f1ola ha desarrollado este sistema de control de aforos en tiempo real, eficaz y econ\u00f3mico.<\/p>\n<p>&nbsp;<\/p>\n<p><strong>M\u00f3dulos que contiene<\/strong><br \/>\nEl kit Crambo Control de Aforos incluye:<\/p>\n<ul>\n<li>1 x C\u00e1mara IP<\/li>\n<li>1 x Fuente alimentaci\u00f3n<\/li>\n<li>1 x Pantalla (disponible en formato 10.1\u201d \u00f3 15,6\u201d)<\/li>\n<li>1 x Switch Ethernet 4 puertos<\/li>\n<li>1 x Soporte auto portante<\/li>\n<li>3 x Cable UTP 1.8m<\/li>\n<li>1 x Manual de configuraci\u00f3n<\/li>\n<\/ul>\n<p>&nbsp;<\/p>\n<p>Certificaci\u00f3n CE y RoHS<\/p>\n<p>&nbsp;<\/p>\n<p><strong>Solicita una presentaci\u00f3n<\/strong><br \/>\nLos profesionales de Crambo est\u00e1n a tu lado en los tiempos de incertidumbre. Solicita una presentaci\u00f3n comercial y ah\u00f3rrate problemas, para poder dedicar tu esfuerzo a sacar tu negocio adelante.[\/vc_column_text][vc_empty_space height=\u00bb40px\u00bb][vc_single_image image=\u00bb29&#8243; img_size=\u00bbfull\u00bb alignment=\u00bbcenter\u00bb qode_css_animation=\u00bb\u00bb][\/vc_column][vc_column width=\u00bb1\/2&#8243;][vc_column_text]<\/p>\n<p style=\"text-align: center; font-size: 22px;\">Inf\u00f3rmate ahora y pide una demo en tu establecimiento<\/p>\n<p>[\/vc_column_text][vc_empty_space height=\u00bb30px\u00bb]<div role=\"form\" class=\"wpcf7\" id=\"wpcf7-f47-o1\" lang=\"es-ES\" dir=\"ltr\">\n<div class=\"screen-reader-response\"><p role=\"status\" aria-live=\"polite\" aria-atomic=\"true\"><\/p> <ul><\/ul><\/div>\n<form action=\"\/landings\/wp-json\/wp\/v2\/pages\/7#wpcf7-f47-o1\" method=\"post\" class=\"wpcf7-form init default\" novalidate=\"novalidate\" data-status=\"init\">\n<div style=\"display: none;\">\n<input type=\"hidden\" name=\"_wpcf7\" value=\"47\" \/>\n<input type=\"hidden\" name=\"_wpcf7_version\" value=\"5.4.2\" \/>\n<input type=\"hidden\" name=\"_wpcf7_locale\" value=\"es_ES\" \/>\n<input type=\"hidden\" name=\"_wpcf7_unit_tag\" value=\"wpcf7-f47-o1\" \/>\n<input type=\"hidden\" name=\"_wpcf7_container_post\" value=\"0\" \/>\n<input type=\"hidden\" name=\"_wpcf7_posted_data_hash\" value=\"\" \/>\n<\/div>\n<div id=\"responsive-form\" class=\"clearfix\">\n<div class=\"form-row\">\n<div class=\"column-half\"><label><span class=\"wpcf7-form-control-wrap nombre\"><input type=\"text\" name=\"nombre\" value=\"\" size=\"40\" class=\"wpcf7-form-control wpcf7-text wpcf7-validates-as-required\" aria-required=\"true\" aria-invalid=\"false\" placeholder=\"Nombre\" \/><\/span><\/label><\/div>\n<div class=\"column-half\"><label><span class=\"wpcf7-form-control-wrap apellido\"><input type=\"text\" name=\"apellido\" value=\"\" size=\"40\" class=\"wpcf7-form-control wpcf7-text wpcf7-validates-as-required\" aria-required=\"true\" aria-invalid=\"false\" placeholder=\"Apellido\" \/><\/span><\/label><\/div>\n<\/div>\n<\/div>\n<div id=\"responsive-form\" class=\"clearfix\">\n<div class=\"form-row\">\n<div class=\"column-half\"><label><span class=\"wpcf7-form-control-wrap email\"><input type=\"text\" name=\"email\" value=\"\" size=\"40\" class=\"wpcf7-form-control wpcf7-text wpcf7-validates-as-required\" aria-required=\"true\" aria-invalid=\"false\" placeholder=\"Correo Electr\u00f3nico\" \/><\/span><\/label><\/div>\n<div class=\"column-half\"><label><span class=\"wpcf7-form-control-wrap telefono\"><input type=\"text\" name=\"telefono\" value=\"\" size=\"40\" class=\"wpcf7-form-control wpcf7-text wpcf7-validates-as-required\" aria-required=\"true\" aria-invalid=\"false\" placeholder=\"Tel\u00e9fono\" \/><\/span><\/label><\/div>\n<\/div>\n<\/div>\n<div id=\"responsive-form\" class=\"clearfix\">\n<div class=\"form-row\">\n<div class=\"column-full\"><label><span class=\"wpcf7-form-control-wrap empresa\"><input type=\"text\" name=\"empresa\" value=\"\" size=\"40\" class=\"wpcf7-form-control wpcf7-text wpcf7-validates-as-required\" aria-required=\"true\" aria-invalid=\"false\" placeholder=\"Empresa\" \/><\/span><\/label><\/div>\n<\/div>\n<\/div>\n<div id=\"responsive-form\" class=\"clearfix\">\n<div class=\"form-row\">\n<div class=\"column-full\"><label><span class=\"wpcf7-form-control-wrap obs\"><textarea name=\"obs\" cols=\"40\" rows=\"10\" class=\"wpcf7-form-control wpcf7-textarea\" aria-invalid=\"false\" placeholder=\"Observaciones\"><\/textarea><\/span><\/label><\/div>\n<\/div>\n<\/div>\n<div id=\"responsive-form\" class=\"clearfix\">\n<div class=\"form-row\">\n<div class=\"column-full\"><label><span class=\"wpcf7-form-control-wrap politicacrambo\"><span class=\"wpcf7-form-control wpcf7-acceptance\"><span class=\"wpcf7-list-item\"><input type=\"checkbox\" name=\"politicacrambo\" value=\"1\" aria-invalid=\"false\" \/><\/span><\/span><\/span> He le\u00eddo y acepto la <a href=\"https:\/\/www.crambo.eu\/es\/terminos-legales\/\" target=\"_blank\">Pol\u00edtica de privacidad<\/a> de Crambo<\/label><\/div>\n<\/div>\n<\/div>\n<div id=\"responsive-form\" class=\"clearfix\">\n<div class=\"column-full\"><input type=\"submit\" value=\"Enviar\" class=\"wpcf7-form-control wpcf7-submit\" \/><\/div>\n<\/div>\n<\/div>\n<div class=\"wpcf7-response-output\" aria-hidden=\"true\"><\/div><\/form><\/div>[vc_empty_space height=\u00bb60px\u00bb][vc_empty_space height=\u00bb60px\u00bb][\/vc_column][\/vc_row][vc_row css_animation=\u00bb\u00bb row_type=\u00bbrow\u00bb use_row_as_full_screen_section=\u00bbno\u00bb type=\u00bbgrid\u00bb angled_section=\u00bbno\u00bb text_align=\u00bbleft\u00bb background_image_as_pattern=\u00bbwithout_pattern\u00bb z_index=\u00bb\u00bb][vc_column offset=\u00bbvc_hidden-lg vc_hidden-md vc_hidden-sm\u00bb][vc_single_image image=\u00bb29&#8243; img_size=\u00bbfull\u00bb alignment=\u00bbcenter\u00bb qode_css_animation=\u00bb\u00bb][vc_empty_space height=\u00bb40px\u00bb][vc_column_text]<\/p>\n<h2 style=\"color: #333;\">Crambo Control de Aforos<\/h2>\n<p>Volver a la normalidad de tu negocio con un contagio o una sanci\u00f3n por exceso de aforo no es una opci\u00f3n.<\/p>\n<p>&nbsp;<\/p>\n<p>Crambo, empresa tecnol\u00f3gica espa\u00f1ola ha desarrollado este sistema de control de aforos en tiempo real, eficaz y econ\u00f3mico.<\/p>\n<p>&nbsp;<\/p>\n<p><strong>M\u00f3dulos que contiene<\/strong><br \/>\nEl kit Crambo Control de Aforos incluye:<\/p>\n<ul>\n<li>1 x C\u00e1mara IP<\/li>\n<li>1 x Fuente alimentaci\u00f3n<\/li>\n<li>1 x Pantalla (disponible en formato 10.1\u201d \u00f3 15,6\u201d)<\/li>\n<li>1 x Switch Ethernet 4 puertos<\/li>\n<li>1 x Soporte auto portante<\/li>\n<li>3 x Cable UTP 1.8m<\/li>\n<li>1 x Manual de configuraci\u00f3n<\/li>\n<\/ul>\n<p>&nbsp;<\/p>\n<p>Certificaci\u00f3n CE y RoHS<\/p>\n<p>&nbsp;<\/p>\n<p><strong>Solicita una presentaci\u00f3n<\/strong><br \/>\nLos profesionales de Crambo est\u00e1n a tu lado en los tiempos de incertidumbre. Solicita una presentaci\u00f3n comercial y ah\u00f3rrate problemas, para poder dedicar tu esfuerzo a sacar tu negocio adelante.[\/vc_column_text][vc_empty_space height=\u00bb40px\u00bb][\/vc_column][\/vc_row]<\/p>\n<\/div>","protected":false},"excerpt":{"rendered":"<p>[vc_row css_animation=\u00bb\u00bb row_type=\u00bbrow\u00bb use_row_as_full_screen_section=\u00bbno\u00bb type=\u00bbfull_width\u00bb angled_section=\u00bbno\u00bb text_align=\u00bbleft\u00bb background_image_as_pattern=\u00bbwithout_pattern\u00bb z_index=\u00bb\u00bb][vc_column][vc_row_inner row_type=\u00bbrow\u00bb type=\u00bbfull_width\u00bb text_align=\u00bbcenter\u00bb css_animation=\u00bb\u00bb][vc_column_inner width=\u00bb1\/6&#8243;][vc_empty_space height=\u00bb15px\u00bb][vc_single_image image=\u00bb32&#8243; img_size=\u00bbfull\u00bb alignment=\u00bbcenter\u00bb qode_css_animation=\u00bb\u00bb][vc_empty_space height=\u00bb15px\u00bb][\/vc_column_inner][vc_column_inner width=\u00bb1\/6&#8243;][\/vc_column_inner][vc_column_inner width=\u00bb1\/6&#8243;][\/vc_column_inner][vc_column_inner width=\u00bb1\/6&#8243;][\/vc_column_inner][vc_column_inner width=\u00bb1\/6&#8243;][\/vc_column_inner][vc_column_inner width=\u00bb1\/6&#8243; offset=\u00bbvc_hidden-xs\u00bb][vc_empty_space height=\u00bb15px\u00bb][vc_single_image image=\u00bb31&#8243; img_size=\u00bbfull\u00bb alignment=\u00bbcenter\u00bb qode_css_animation=\u00bb\u00bb][vc_empty_space height=\u00bb15px\u00bb][\/vc_column_inner][\/vc_row_inner][\/vc_column][\/vc_row][vc_row css_animation=\u00bb\u00bb row_type=\u00bbrow\u00bb use_row_as_full_screen_section=\u00bbno\u00bb type=\u00bbgrid\u00bb angled_section=\u00bbno\u00bb text_align=\u00bbleft\u00bb background_image_as_pattern=\u00bbwithout_pattern\u00bb z_index=\u00bb\u00bb][vc_column width=\u00bb1\/2&#8243;][vc_empty_space height=\u00bb90px\u00bb][vc_column_text] Evita sanciones y&#8230;<\/p>\n","protected":false},"author":1,"featured_media":0,"parent":0,"menu_order":0,"comment_status":"closed","ping_status":"closed","template":"landing_page.php","meta":[],"_links":{"self":[{"href":"https:\/\/www.crambo.eu\/landings\/wp-json\/wp\/v2\/pages\/7"}],"collection":[{"href":"https:\/\/www.crambo.eu\/landings\/wp-json\/wp\/v2\/pages"}],"about":[{"href":"https:\/\/www.crambo.eu\/landings\/wp-json\/wp\/v2\/types\/page"}],"author":[{"embeddable":true,"href":"https:\/\/www.crambo.eu\/landings\/wp-json\/wp\/v2\/users\/1"}],"replies":[{"embeddable":true,"href":"https:\/\/www.crambo.eu\/landings\/wp-json\/wp\/v2\/comments?post=7"}],"version-history":[{"count":4,"href":"https:\/\/www.crambo.eu\/landings\/wp-json\/wp\/v2\/pages\/7\/revisions"}],"predecessor-version":[{"id":48,"href":"https:\/\/www.crambo.eu\/landings\/wp-json\/wp\/v2\/pages\/7\/revisions\/48"}],"wp:attachment":[{"href":"https:\/\/www.crambo.eu\/landings\/wp-json\/wp\/v2\/media?parent=7"}],"curies":[{"name":"wp","href":"https:\/\/api.w.org\/{rel}","templated":true}]}}