{"id":9,"date":"2020-06-24T14:30:30","date_gmt":"2020-06-24T14:30:30","guid":{"rendered":"https:\/\/www.crambo.eu\/landings\/?page_id=9"},"modified":"2020-09-08T11:25:20","modified_gmt":"2020-09-08T11:25:20","slug":"healthcare-point","status":"publish","type":"page","link":"https:\/\/www.crambo.eu\/landings\/healthcare-point\/","title":{"rendered":"Healthcare Point"},"content":{"rendered":"<div class=\"wpb-content-wrapper\"><p>[vc_row css_animation=\u00bb\u00bb row_type=\u00bbrow\u00bb use_row_as_full_screen_section=\u00bbno\u00bb type=\u00bbfull_width\u00bb angled_section=\u00bbno\u00bb text_align=\u00bbleft\u00bb background_image_as_pattern=\u00bbwithout_pattern\u00bb css=\u00bb.vc_custom_1590150563181{background-color: #0018a8 !important;}\u00bb z_index=\u00bb\u00bb][vc_column][vc_row_inner row_type=\u00bbrow\u00bb type=\u00bbfull_width\u00bb text_align=\u00bbcenter\u00bb css_animation=\u00bb\u00bb][vc_column_inner width=\u00bb1\/6&#8243;][vc_empty_space height=\u00bb15px\u00bb][vc_single_image image=\u00bb38&#8243; img_size=\u00bbfull\u00bb alignment=\u00bbcenter\u00bb qode_css_animation=\u00bb\u00bb][vc_empty_space height=\u00bb15px\u00bb][\/vc_column_inner][vc_column_inner width=\u00bb1\/6&#8243;][\/vc_column_inner][vc_column_inner width=\u00bb1\/6&#8243;][vc_empty_space height=\u00bb20px\u00bb][vc_column_text]<\/p>\n<p style=\"text-align: center;\"><a href=\"https:\/\/www.crambo.eu\/es\/care\/#soluciones\"><span style=\"color: #ffffff;\"><strong>Productos &amp; Tecnolog\u00edas<\/strong><\/span><\/a><\/p>\n<p>[\/vc_column_text][vc_empty_space height=\u00bb15px\u00bb][\/vc_column_inner][vc_column_inner width=\u00bb1\/6&#8243;][vc_empty_space height=\u00bb20px\u00bb][vc_column_text]<\/p>\n<p style=\"text-align: center;\"><a href=\"https:\/\/www.crambo.eu\/es\/care\/#productos\"><span style=\"color: #ffffff;\"><strong>EPIs<\/strong><\/span><\/a><\/p>\n<p>[\/vc_column_text][vc_empty_space height=\u00bb15px\u00bb][\/vc_column_inner][vc_column_inner width=\u00bb1\/6&#8243;][vc_empty_space height=\u00bb20px\u00bb][vc_column_text]<\/p>\n<p style=\"text-align: center;\"><a href=\"http:\/\/healthcarestation.eu\" target=\"_blank\" rel=\"noopener noreferrer\"><span style=\"color: #ffffff;\"><strong>Healthcare Station<\/strong><\/span><\/a><\/p>\n<p>[\/vc_column_text][vc_empty_space height=\u00bb15px\u00bb][\/vc_column_inner][vc_column_inner width=\u00bb1\/6&#8243;][vc_empty_space height=\u00bb20px\u00bb][vc_column_text]<\/p>\n<p style=\"text-align: center;\"><a href=\"#contacto\"><span style=\"color: #ffffff;\"><strong>Contacto<\/strong><\/span><\/a><\/p>\n<p>[\/vc_column_text][vc_empty_space height=\u00bb15px\u00bb][\/vc_column_inner][\/vc_row_inner][\/vc_column][\/vc_row][vc_row css_animation=\u00bb\u00bb row_type=\u00bbrow\u00bb use_row_as_full_screen_section=\u00bbno\u00bb type=\u00bbfull_width\u00bb angled_section=\u00bbno\u00bb text_align=\u00bbleft\u00bb background_image_as_pattern=\u00bbwithout_pattern\u00bb][vc_column][vc_single_image image=\u00bb109&#8243; img_size=\u00bbfull\u00bb alignment=\u00bbcenter\u00bb qode_css_animation=\u00bb\u00bb][\/vc_column][\/vc_row][vc_row css_animation=\u00bb\u00bb row_type=\u00bbrow\u00bb use_row_as_full_screen_section=\u00bbno\u00bb type=\u00bbgrid\u00bb angled_section=\u00bbno\u00bb text_align=\u00bbleft\u00bb background_image_as_pattern=\u00bbwithout_pattern\u00bb z_index=\u00bb\u00bb css=\u00bb.vc_custom_1590574143421{padding-top: 60px !important;}\u00bb el_id=\u00bbcontacto\u00bb][vc_column width=\u00bb1\/2&#8243;][vc_column_text]<\/p>\n<h2 style=\"color: #333;\">Healthcare Point<\/h2>\n<p><span style=\"font-size: 22px;\"><strong>La forma inteligente de estar protegido<\/strong><\/span><\/p>\n<p>&nbsp;<\/p>\n<p>Healthcare Point (Punto de asistencia Sanitaria Digital), es una soluci\u00f3n \u00fanica e innovadora pensada para la protecci\u00f3n y seguridad de las personas en diferentes sectores de actividad como oficinas, edificios p\u00fablicos, hoteles, restaurantes, superficies comerciales, universidades\u2026Su dise\u00f1o vers\u00e1til, alta capacidad y f\u00e1cil instalaci\u00f3n permiten su ubicaci\u00f3n en cualquier espacio.<\/p>\n<p>&nbsp;<\/p>\n<p>Esta soluci\u00f3n fabricada en Espa\u00f1a, resulta imprescindible en zonas donde existe un importante flujo de personas y donde no se pueden designar recursos humanos que puedan controlar presencialmente a las personas que acceden a un edificio, ya sean empleados o visitantes.<\/p>\n<p>&nbsp;<\/p>\n<p><b>Detecci\u00f3n precoz, espacios m\u00e1s seguros<\/b><\/p>\n<ul>\n<li>Sistema con sensorizaci\u00f3n biom\u00e9trica<\/li>\n<li>Pantalla de 17\u201d para la reproducci\u00f3n de mensajes corporativos y publicidad<\/li>\n<li>Desinfecci\u00f3n de manos y expendedor de mascarillas y\/o guantes homologados<\/li>\n<li>Lector multi-formato (QR, RFID, NFC). Acceso mediante tarjeta de empleado<\/li>\n<li>Tecnolog\u00eda Intel Inside con NUC 8i3BEH<\/li>\n<li>Hasta 400 kits de recarga<\/li>\n<li>Personalizable seg\u00fan imagen corporativa<\/li>\n<li>Opcional: Medici\u00f3n de temperatura y reconocimiento facial<\/li>\n<\/ul>\n<p>[\/vc_column_text][vc_empty_space height=\u00bb30px\u00bb]<a  itemprop=\"url\" href=\"https:\/\/www.crambo.eu\/descargas\/HealthcareStation\/HCPoint_Datasheet.pdf\" target=\"_self\"  class=\"qbutton  default\" style=\"\">DESCARGAR FICHA<\/a>[vc_empty_space height=\u00bb50px\u00bb][vc_video link=\u00bbhttps:\/\/www.youtube.com\/watch?v=4hSSLo6JtJY\u00bb align=\u00bbcenter\u00bb][vc_empty_space height=\u00bb30px\u00bb][vc_single_image image=\u00bb124&#8243; img_size=\u00bbfull\u00bb alignment=\u00bbcenter\u00bb qode_css_animation=\u00bb\u00bb][vc_empty_space height=\u00bb60px\u00bb][\/vc_column][vc_column width=\u00bb1\/2&#8243;][vc_column_text]<\/p>\n<p style=\"text-align: center; font-size: 22px;\">Para cualquier consulta, ponte en contacto con nosotros a trav\u00e9s de este formulario:<\/p>\n<p>[\/vc_column_text][vc_empty_space height=\u00bb30px\u00bb]<div role=\"form\" class=\"wpcf7\" id=\"wpcf7-f49-o1\" lang=\"es-ES\" dir=\"ltr\">\n<div class=\"screen-reader-response\"><p role=\"status\" aria-live=\"polite\" aria-atomic=\"true\"><\/p> <ul><\/ul><\/div>\n<form action=\"\/landings\/wp-json\/wp\/v2\/pages\/9#wpcf7-f49-o1\" method=\"post\" class=\"wpcf7-form init default\" novalidate=\"novalidate\" data-status=\"init\">\n<div style=\"display: none;\">\n<input type=\"hidden\" name=\"_wpcf7\" value=\"49\" \/>\n<input type=\"hidden\" name=\"_wpcf7_version\" value=\"5.4.2\" \/>\n<input type=\"hidden\" name=\"_wpcf7_locale\" value=\"es_ES\" \/>\n<input type=\"hidden\" name=\"_wpcf7_unit_tag\" value=\"wpcf7-f49-o1\" \/>\n<input type=\"hidden\" name=\"_wpcf7_container_post\" value=\"0\" \/>\n<input type=\"hidden\" name=\"_wpcf7_posted_data_hash\" value=\"\" \/>\n<\/div>\n<div id=\"responsive-form\" class=\"clearfix\">\n<div class=\"form-row\">\n<div class=\"column-half\"><label><span class=\"wpcf7-form-control-wrap nombre\"><input type=\"text\" name=\"nombre\" value=\"\" size=\"40\" class=\"wpcf7-form-control wpcf7-text wpcf7-validates-as-required\" aria-required=\"true\" aria-invalid=\"false\" placeholder=\"Nombre\" \/><\/span><\/label><\/div>\n<div class=\"column-half\"><label><span class=\"wpcf7-form-control-wrap apellido\"><input type=\"text\" name=\"apellido\" value=\"\" size=\"40\" class=\"wpcf7-form-control wpcf7-text wpcf7-validates-as-required\" aria-required=\"true\" aria-invalid=\"false\" placeholder=\"Apellido\" \/><\/span><\/label><\/div>\n<\/div>\n<\/div>\n<div id=\"responsive-form\" class=\"clearfix\">\n<div class=\"form-row\">\n<div class=\"column-half\"><label><span class=\"wpcf7-form-control-wrap email\"><input type=\"text\" name=\"email\" value=\"\" size=\"40\" class=\"wpcf7-form-control wpcf7-text wpcf7-validates-as-required\" aria-required=\"true\" aria-invalid=\"false\" placeholder=\"Correo Electr\u00f3nico\" \/><\/span><\/label><\/div>\n<div class=\"column-half\"><label><span class=\"wpcf7-form-control-wrap telefono\"><input type=\"text\" name=\"telefono\" value=\"\" size=\"40\" class=\"wpcf7-form-control wpcf7-text wpcf7-validates-as-required\" aria-required=\"true\" aria-invalid=\"false\" placeholder=\"Tel\u00e9fono\" \/><\/span><\/label><\/div>\n<\/div>\n<\/div>\n<div id=\"responsive-form\" class=\"clearfix\">\n<div class=\"form-row\">\n<div class=\"column-full\"><label><span class=\"wpcf7-form-control-wrap empresa\"><input type=\"text\" name=\"empresa\" value=\"\" size=\"40\" class=\"wpcf7-form-control wpcf7-text wpcf7-validates-as-required\" aria-required=\"true\" aria-invalid=\"false\" placeholder=\"Empresa\" \/><\/span><\/label><\/div>\n<\/div>\n<\/div>\n<div id=\"responsive-form\" class=\"clearfix\">\n<div class=\"form-row\">\n<div class=\"column-full\"><label><span class=\"wpcf7-form-control-wrap obs\"><textarea name=\"obs\" cols=\"40\" rows=\"10\" class=\"wpcf7-form-control wpcf7-textarea\" aria-invalid=\"false\" placeholder=\"Observaciones\"><\/textarea><\/span><\/label><\/div>\n<\/div>\n<\/div>\n<div id=\"responsive-form\" class=\"clearfix\">\n<div class=\"column-full\"><input type=\"submit\" value=\"Enviar\" class=\"wpcf7-form-control wpcf7-submit\" \/><\/div>\n<\/div>\n<\/div>\n<div class=\"wpcf7-response-output\" aria-hidden=\"true\"><\/div><\/form><\/div>[vc_empty_space height=\u00bb60px\u00bb][\/vc_column][\/vc_row]<\/p>\n<\/div>","protected":false},"excerpt":{"rendered":"<p>[vc_row css_animation=\u00bb\u00bb row_type=\u00bbrow\u00bb use_row_as_full_screen_section=\u00bbno\u00bb type=\u00bbfull_width\u00bb angled_section=\u00bbno\u00bb text_align=\u00bbleft\u00bb background_image_as_pattern=\u00bbwithout_pattern\u00bb css=\u00bb.vc_custom_1590150563181{background-color: #0018a8 !important;}\u00bb z_index=\u00bb\u00bb][vc_column][vc_row_inner row_type=\u00bbrow\u00bb type=\u00bbfull_width\u00bb text_align=\u00bbcenter\u00bb css_animation=\u00bb\u00bb][vc_column_inner width=\u00bb1\/6&#8243;][vc_empty_space height=\u00bb15px\u00bb][vc_single_image image=\u00bb38&#8243; img_size=\u00bbfull\u00bb alignment=\u00bbcenter\u00bb qode_css_animation=\u00bb\u00bb][vc_empty_space height=\u00bb15px\u00bb][\/vc_column_inner][vc_column_inner width=\u00bb1\/6&#8243;][\/vc_column_inner][vc_column_inner width=\u00bb1\/6&#8243;][vc_empty_space height=\u00bb20px\u00bb][vc_column_text] Productos &amp; Tecnolog\u00edas [\/vc_column_text][vc_empty_space height=\u00bb15px\u00bb][\/vc_column_inner][vc_column_inner width=\u00bb1\/6&#8243;][vc_empty_space height=\u00bb20px\u00bb][vc_column_text] EPIs [\/vc_column_text][vc_empty_space height=\u00bb15px\u00bb][\/vc_column_inner][vc_column_inner width=\u00bb1\/6&#8243;][vc_empty_space height=\u00bb20px\u00bb][vc_column_text] Healthcare Station [\/vc_column_text][vc_empty_space height=\u00bb15px\u00bb][\/vc_column_inner][vc_column_inner width=\u00bb1\/6&#8243;][vc_empty_space height=\u00bb20px\u00bb][vc_column_text] Contacto&#8230;<\/p>\n","protected":false},"author":1,"featured_media":0,"parent":0,"menu_order":0,"comment_status":"closed","ping_status":"closed","template":"landing_page.php","meta":[],"_links":{"self":[{"href":"https:\/\/www.crambo.eu\/landings\/wp-json\/wp\/v2\/pages\/9"}],"collection":[{"href":"https:\/\/www.crambo.eu\/landings\/wp-json\/wp\/v2\/pages"}],"about":[{"href":"https:\/\/www.crambo.eu\/landings\/wp-json\/wp\/v2\/types\/page"}],"author":[{"embeddable":true,"href":"https:\/\/www.crambo.eu\/landings\/wp-json\/wp\/v2\/users\/1"}],"replies":[{"embeddable":true,"href":"https:\/\/www.crambo.eu\/landings\/wp-json\/wp\/v2\/comments?post=9"}],"version-history":[{"count":13,"href":"https:\/\/www.crambo.eu\/landings\/wp-json\/wp\/v2\/pages\/9\/revisions"}],"predecessor-version":[{"id":127,"href":"https:\/\/www.crambo.eu\/landings\/wp-json\/wp\/v2\/pages\/9\/revisions\/127"}],"wp:attachment":[{"href":"https:\/\/www.crambo.eu\/landings\/wp-json\/wp\/v2\/media?parent=9"}],"curies":[{"name":"wp","href":"https:\/\/api.w.org\/{rel}","templated":true}]}}